{"id":34,"date":"2019-11-10T16:42:25","date_gmt":"2019-11-10T15:42:25","guid":{"rendered":"https:\/\/www.daralmajusguesthouse.proterrasancta.org\/?page_id=34"},"modified":"2022-04-05T10:24:34","modified_gmt":"2022-04-05T08:24:34","slug":"dove-trovarci","status":"publish","type":"page","link":"https:\/\/darmamillaguesthouse.proterrasancta.org\/darmamillaguesthouse\/it\/dove-trovarci\/","title":{"rendered":"Come raggiungerci"},"content":{"rendered":"\n<iframe src=\"https:\/\/www.google.com\/maps\/embed?pb=!1m18!1m12!1m3!1d3391.7107190626634!2d35.22275551547983!3d31.778375041535316!2m3!1f0!2f0!3f0!3m2!1i1024!2i768!4f13.1!3m3!1m2!1s0x15032965c6db1797%3A0x7d5e69fa37aa8ff1!2sDar%20Mamilla%20Guesthouse!5e0!3m2!1sit!2sit!4v1649147031322!5m2!1sit!2sit\" width=\"600\" height=\"450\" style=\"border:0;\" allowfullscreen=\"\" loading=\"lazy\" referrerpolicy=\"no-referrer-when-downgrade\"><\/iframe>\n\n\n<p>La <strong>Dar Mamilla Guest House<\/strong> si trova nel centro di <strong>Gerusalemme<\/strong> (<a href=\"https:\/\/www.google.it\/maps\/place\/Koresh+St+16,+Jerusalem,+Israele\/@31.7789811,35.2216267,17z\/data=!3m1!4b1!4m5!3m4!1s0x150329d1bc5f7877:0xcd3c608e4cefd9c8!8m2!3d31.7789766!4d35.2238154\">Koresh Street # 16\/bis<\/a>), a poche centinaia di metri da Jaffa Gate e New Gate. <strong>Mamilla Avenue<\/strong> con i suoi numerosi negozi, caffetterie e ristoranti \u00e8 a meno di 3 minuti a piedi.<\/p>\n<p>Il nostro personale sar\u00e0 pi\u00f9 che felice di fornirti suggerimenti su come vivere appieno la storia attraverso le strade e i vicoli della <strong>Citt\u00e0 Vecchia<\/strong> o di consigliarti i posti migliori per l&#8217;autentica cucina di <strong>Gerusalemme<\/strong> o altri punti di interesse.<\/p>\n<p>Inoltre, siete pi\u00f9 che benvenuti a <strong>visitare le numerose attivit\u00e0<\/strong> realizzate dall&#8217;<a href=\"http:\/\/proterrasancta.org\" target=\"_blank\" rel=\"noopener noreferrer\"><strong>Associazione pro Terra Sancta<\/strong><\/a> nella Citt\u00e0 Vecchia e nelle aree circostanti, compresi i nostri progetti a <strong>Betlemme, Betania, Gerico o anche Sebastia e Nifs Jubeil<\/strong>.<\/p>\n<h3 style=\"text-align: center;\"><a href=\"https:\/\/www.proterrasancta.org\/it\/itinerari-in-terra-santa\/\" target=\"_blank\" rel=\"noopener noreferrer\">GUARDA LE NOSTRE PROPOSTE DI ITINERARIO!<\/a><\/h3>","protected":false},"excerpt":{"rendered":"<p>La Dar Mamilla Guest House si trova nel centro di Gerusalemme (Koresh Street # 16\/bis), a poche centinaia di metri &hellip; <a href=\"https:\/\/darmamillaguesthouse.proterrasancta.org\/darmamillaguesthouse\/it\/dove-trovarci\/\" class=\"more-link\"><span class=\"more-button\">Read More<span class=\"screen-reader-text\">Come raggiungerci<\/span><\/span><\/a><\/p>\n","protected":false},"author":1,"featured_media":460,"parent":0,"menu_order":0,"comment_status":"closed","ping_status":"closed","template":"","meta":[],"_links":{"self":[{"href":"https:\/\/darmamillaguesthouse.proterrasancta.org\/darmamillaguesthouse\/it\/wp-json\/wp\/v2\/pages\/34"}],"collection":[{"href":"https:\/\/darmamillaguesthouse.proterrasancta.org\/darmamillaguesthouse\/it\/wp-json\/wp\/v2\/pages"}],"about":[{"href":"https:\/\/darmamillaguesthouse.proterrasancta.org\/darmamillaguesthouse\/it\/wp-json\/wp\/v2\/types\/page"}],"author":[{"embeddable":true,"href":"https:\/\/darmamillaguesthouse.proterrasancta.org\/darmamillaguesthouse\/it\/wp-json\/wp\/v2\/users\/1"}],"replies":[{"embeddable":true,"href":"https:\/\/darmamillaguesthouse.proterrasancta.org\/darmamillaguesthouse\/it\/wp-json\/wp\/v2\/comments?post=34"}],"version-history":[{"count":5,"href":"https:\/\/darmamillaguesthouse.proterrasancta.org\/darmamillaguesthouse\/it\/wp-json\/wp\/v2\/pages\/34\/revisions"}],"predecessor-version":[{"id":1041,"href":"https:\/\/darmamillaguesthouse.proterrasancta.org\/darmamillaguesthouse\/it\/wp-json\/wp\/v2\/pages\/34\/revisions\/1041"}],"wp:featuredmedia":[{"embeddable":true,"href":"https:\/\/darmamillaguesthouse.proterrasancta.org\/darmamillaguesthouse\/it\/wp-json\/wp\/v2\/media\/460"}],"wp:attachment":[{"href":"https:\/\/darmamillaguesthouse.proterrasancta.org\/darmamillaguesthouse\/it\/wp-json\/wp\/v2\/media?parent=34"}],"curies":[{"name":"wp","href":"https:\/\/api.w.org\/{rel}","templated":true}]}}